{"id":11413,"date":"2025-09-23T09:22:53","date_gmt":"2025-09-23T09:22:53","guid":{"rendered":"https:\/\/dbsaa.de\/?page_id=11413"},"modified":"2025-09-23T12:42:42","modified_gmt":"2025-09-23T12:42:42","slug":"%f0%9f%8e%a5-the-dbsaa-now-on-youtube","status":"publish","type":"page","link":"https:\/\/dbsaa.de\/de\/%f0%9f%8e%a5-the-dbsaa-now-on-youtube\/","title":{"rendered":"\ud83c\udfa5 Die DBSAA jetzt auf YouTube"},"content":{"rendered":"<figure class=\"wp-block-image size-large\"><img loading=\"lazy\" decoding=\"async\" width=\"1024\" height=\"576\" src=\"https:\/\/dbsaa.de\/wp-content\/uploads\/2025\/09\/YouTube-Hinweis-1024x576.jpeg\" alt=\"\" class=\"wp-image-11414\" srcset=\"https:\/\/dbsaa.de\/wp-content\/uploads\/2025\/09\/YouTube-Hinweis-1024x576.jpeg 1024w, https:\/\/dbsaa.de\/wp-content\/uploads\/2025\/09\/YouTube-Hinweis-300x169.jpeg 300w, https:\/\/dbsaa.de\/wp-content\/uploads\/2025\/09\/YouTube-Hinweis-768x432.jpeg 768w, https:\/\/dbsaa.de\/wp-content\/uploads\/2025\/09\/YouTube-Hinweis-18x10.jpeg 18w, https:\/\/dbsaa.de\/wp-content\/uploads\/2025\/09\/YouTube-Hinweis-600x338.jpeg 600w, https:\/\/dbsaa.de\/wp-content\/uploads\/2025\/09\/YouTube-Hinweis.jpeg 1280w\" sizes=\"(max-width: 1024px) 100vw, 1024px\" \/><\/figure>\n\n\n\n<p class=\"translation-block\">Ab sofort ist unsere Schule auch auf YouTube vertreten:\n\ud83d\udc49 https:\/\/www.youtube.com\/@DBSAA<\/p>\n\n\n\n<p>Dort finden Sie bereits unseren Film zur Bewerbung f\u00fcr den Deutschen Schulpreis sowie den Gewinnerbeitrag des Wettbewerbs 50 Jahre Deutsches Sprachdiplom.<\/p>\n\n\n\n<p>Am Donnerstag, den 25.09.  um 15:00 Uhr ver\u00f6ffentlichen wir au\u00dferdem unseren Beitrag zum European Day of Languages \u2013 Languages Open Hearts<\/p>\n\n\n\n<p>Dieser Tag wird seit 2001 vom Europarat koordiniert und von der Europ\u00e4ischen Union unterst\u00fctzt. Er steht ganz im Zeichen der Mehrsprachigkeit. In unserem Video sind 13 Sprachen zu h\u00f6ren \u2013 und vielleicht \u00f6ffnen sie auch Ihr Herz.<\/p>","protected":false},"excerpt":{"rendered":"<p>Our school is now also on YouTube:\ud83d\udc49 https:\/\/www.youtube.com\/@DBSAA There you will find our film for the German School Award and the winning entry in the 50 Years of German Language Diploma competition. On Thursday, 25 September at 3 p.m., we will also be publishing our contribution to the European Day of Languages \u2013 Languages Open Hearts. This day has been coordinated by the Council of Europe and supported by the European Union since 2001. It is all about multilingualism. You can hear 13 languages in our video \u2013 and perhaps they will open your heart too.<\/p>","protected":false},"author":1,"featured_media":0,"parent":0,"menu_order":0,"comment_status":"closed","ping_status":"closed","template":"","meta":{"footnotes":""},"_links":{"self":[{"href":"https:\/\/dbsaa.de\/de\/wp-json\/wp\/v2\/pages\/11413"}],"collection":[{"href":"https:\/\/dbsaa.de\/de\/wp-json\/wp\/v2\/pages"}],"about":[{"href":"https:\/\/dbsaa.de\/de\/wp-json\/wp\/v2\/types\/page"}],"author":[{"embeddable":true,"href":"https:\/\/dbsaa.de\/de\/wp-json\/wp\/v2\/users\/1"}],"replies":[{"embeddable":true,"href":"https:\/\/dbsaa.de\/de\/wp-json\/wp\/v2\/comments?post=11413"}],"version-history":[{"count":2,"href":"https:\/\/dbsaa.de\/de\/wp-json\/wp\/v2\/pages\/11413\/revisions"}],"predecessor-version":[{"id":11424,"href":"https:\/\/dbsaa.de\/de\/wp-json\/wp\/v2\/pages\/11413\/revisions\/11424"}],"wp:attachment":[{"href":"https:\/\/dbsaa.de\/de\/wp-json\/wp\/v2\/media?parent=11413"}],"curies":[{"name":"wp","href":"https:\/\/api.w.org\/{rel}","templated":true}]}}