{"id":588,"date":"2023-10-05T18:43:00","date_gmt":"2023-10-05T18:43:00","guid":{"rendered":"https:\/\/dbsaa.de\/?page_id=588"},"modified":"2024-08-23T12:09:09","modified_gmt":"2024-08-23T12:09:09","slug":"principals-message","status":"publish","type":"page","link":"https:\/\/dbsaa.de\/de\/principals-message\/","title":{"rendered":"Principal&#8217;s message"},"content":{"rendered":"<div data-elementor-type=\"wp-page\" data-elementor-id=\"588\" class=\"elementor elementor-588\">\n\t\t\t\t\t\t\t\t\t<section class=\"elementor-section elementor-top-section elementor-element elementor-element-1b8275a7 elementor-section-boxed elementor-section-height-default elementor-section-height-default wpr-particle-no wpr-jarallax-no wpr-parallax-no wpr-sticky-section-no\" data-id=\"1b8275a7\" data-element_type=\"section\" data-settings=\"{&quot;background_background&quot;:&quot;gradient&quot;,&quot;_ha_eqh_enable&quot;:false}\">\n\t\t\t\t\t\t\t<div class=\"elementor-background-overlay\"><\/div>\n\t\t\t\t\t\t\t<div class=\"elementor-container elementor-column-gap-default\">\n\t\t\t\t\t<div class=\"elementor-column elementor-col-50 elementor-top-column elementor-element elementor-element-149ba910\" data-id=\"149ba910\" data-element_type=\"column\">\n\t\t\t<div class=\"elementor-widget-wrap elementor-element-populated\">\n\t\t\t\t\t\t\t\t<div class=\"elementor-element elementor-element-142e8420 elementor-widget elementor-widget-image\" data-id=\"142e8420\" data-element_type=\"widget\" data-widget_type=\"image.default\">\n\t\t\t\t<div class=\"elementor-widget-container\">\n\t\t\t<style>\/*! elementor - v3.17.0 - 08-11-2023 *\/\n.elementor-widget-image{text-align:center}.elementor-widget-image a{display:inline-block}.elementor-widget-image a img[src$=\".svg\"]{width:48px}.elementor-widget-image img{vertical-align:middle;display:inline-block}<\/style>\t\t\t\t\t\t\t\t\t\t\t\t<img loading=\"lazy\" decoding=\"async\" width=\"747\" height=\"1024\" src=\"https:\/\/dbsaa.de\/wp-content\/uploads\/2024\/08\/Final_Website-747x1024.jpg\" class=\"attachment-large size-large wp-image-7133\" alt=\"Head of School\" srcset=\"https:\/\/dbsaa.de\/wp-content\/uploads\/2024\/08\/Final_Website-747x1024.jpg 747w, https:\/\/dbsaa.de\/wp-content\/uploads\/2024\/08\/Final_Website-219x300.jpg 219w, https:\/\/dbsaa.de\/wp-content\/uploads\/2024\/08\/Final_Website-768x1053.jpg 768w, https:\/\/dbsaa.de\/wp-content\/uploads\/2024\/08\/Final_Website-1121x1536.jpg 1121w, https:\/\/dbsaa.de\/wp-content\/uploads\/2024\/08\/Final_Website-1494x2048.jpg 1494w, https:\/\/dbsaa.de\/wp-content\/uploads\/2024\/08\/Final_Website-9x12.jpg 9w, https:\/\/dbsaa.de\/wp-content\/uploads\/2024\/08\/Final_Website-600x822.jpg 600w, https:\/\/dbsaa.de\/wp-content\/uploads\/2024\/08\/Final_Website-scaled.jpg 1868w\" sizes=\"(max-width: 747px) 100vw, 747px\" \/>\t\t\t\t\t\t\t\t\t\t\t\t\t\t\t<\/div>\n\t\t\t\t<\/div>\n\t\t\t\t\t<\/div>\n\t\t<\/div>\n\t\t\t\t<div class=\"elementor-column elementor-col-50 elementor-top-column elementor-element elementor-element-3b246c92\" data-id=\"3b246c92\" data-element_type=\"column\" data-settings=\"{&quot;background_background&quot;:&quot;classic&quot;}\">\n\t\t\t<div class=\"elementor-widget-wrap elementor-element-populated\">\n\t\t\t\t\t\t\t\t<div class=\"elementor-element elementor-element-45d44b4f elementor-widget elementor-widget-heading\" data-id=\"45d44b4f\" data-element_type=\"widget\" data-widget_type=\"heading.default\">\n\t\t\t\t<div class=\"elementor-widget-container\">\n\t\t\t<style>\/*! elementor - v3.17.0 - 08-11-2023 *\/\n.elementor-heading-title{padding:0;margin:0;line-height:1}.elementor-widget-heading .elementor-heading-title[class*=elementor-size-]>a{color:inherit;font-size:inherit;line-height:inherit}.elementor-widget-heading .elementor-heading-title.elementor-size-small{font-size:15px}.elementor-widget-heading .elementor-heading-title.elementor-size-medium{font-size:19px}.elementor-widget-heading .elementor-heading-title.elementor-size-large{font-size:29px}.elementor-widget-heading .elementor-heading-title.elementor-size-xl{font-size:39px}.elementor-widget-heading .elementor-heading-title.elementor-size-xxl{font-size:59px}<\/style><h2 class=\"elementor-heading-title elementor-size-default\">Robert Hasse<\/h2>\t\t<\/div>\n\t\t\t\t<\/div>\n\t\t\t\t<div class=\"elementor-element elementor-element-5d145822 elementor-widget elementor-widget-heading\" data-id=\"5d145822\" data-element_type=\"widget\" data-widget_type=\"heading.default\">\n\t\t\t\t<div class=\"elementor-widget-container\">\n\t\t\t<h2 class=\"elementor-heading-title elementor-size-default\"><span jsslot=\"\">Schulleiter<\/span><\/h2>\t\t<\/div>\n\t\t\t\t<\/div>\n\t\t\t\t<div class=\"elementor-element elementor-element-c30f562 elementor-widget elementor-widget-text-editor\" data-id=\"c30f562\" data-element_type=\"widget\" data-widget_type=\"text-editor.default\">\n\t\t\t\t<div class=\"elementor-widget-container\">\n\t\t\t<style>\/*! elementor - v3.17.0 - 08-11-2023 *\/\n.elementor-widget-text-editor.elementor-drop-cap-view-stacked .elementor-drop-cap{background-color:#69727d;color:#fff}.elementor-widget-text-editor.elementor-drop-cap-view-framed .elementor-drop-cap{color:#69727d;border:3px solid;background-color:transparent}.elementor-widget-text-editor:not(.elementor-drop-cap-view-default) .elementor-drop-cap{margin-top:8px}.elementor-widget-text-editor:not(.elementor-drop-cap-view-default) .elementor-drop-cap-letter{width:1em;height:1em}.elementor-widget-text-editor .elementor-drop-cap{float:left;text-align:center;line-height:1;font-size:50px}.elementor-widget-text-editor .elementor-drop-cap-letter{display:inline-block}<\/style>\t\t\t\t<p>Herzlich willkommen an der Deutschen Botschaftsschule Addis Abeba.<\/p><p>\u00a0<\/p><p>Unsere Schule blickt auf eine mehr als 90-j\u00e4hrige Geschichte hervorragender Leistungen im Bildungsbereich zur\u00fcck. In dieser Zeit sind wir unseren Grundwerten - individuelles Lernen, Respekt, Verantwortung und Gemeinschaft - treu geblieben.<\/p><p>Als Schulleiter freue ich mich besonders, ein \u00e4u\u00dferst engagiertes Team aus P\u00e4dagoginnen und P\u00e4dagogen zu leiten, das sich vom Kindergarten bis zur Oberstufe mit gro\u00dfem Einsatz f\u00fcr das Wohl unserer Sch\u00fclerinnen und Sch\u00fcler einsetzt. Die gute Arbeit unseres Teams spiegelt sich nicht nur in den hervorragenden Sch\u00fclerleistungen wider, sondern auch darin, dass unsere ehemaligen Sch\u00fclerinnen und Sch\u00fcler auf ihren weiteren Werdeg\u00e4ngen an Universit\u00e4ten und in ihren Berufen erfolgreich bestehen.<\/p><p><br \/>Unsere engagierten Lehrerinnen und Lehrer arbeiten eng mit den Sch\u00fclerinnen und Sch\u00fclern in kleinen Gruppen zusammen, um ihre spezifischen Bed\u00fcrfnisse zu unterst\u00fctzen und ihr Potenzial zu f\u00f6rdern. Wir glauben an die ganzheitliche Entwicklung unserer Sch\u00fclerinnen und Sch\u00fcler und unterst\u00fctzen sie durch eine Mischung aus akademischer Konsequenz und liebevoller sch\u00fclerorientierter p\u00e4dagogischer Arbeit, die u.a. bereichernde Aktivit\u00e4ten wie Kunst, Leichtathletik und Service Learning beinhaltet. Unsere Sch\u00fclerinnen und Sch\u00fcler erf\u00fcllen dadurch durchweg hohe Standards und werden gleichzeitig zu mitf\u00fchlenden, umweltbewussten Menschen auf der ganzen Welt.<\/p><p>Au\u00dferhalb des Klassenzimmers haben wir eine lebendige Schulkultur, in der Sch\u00fclerinnen und Sch\u00fcler, Eltern, Ehemalige und Lehrkr\u00e4fte zusammenkommen. Unsere Gemeinschaft ist eng verbunden, vielf\u00e4ltig und engagiert sich f\u00fcr den Erfolg jedes Kindes.<\/p><p>\u00a0<\/p><p>Ich lade Sie ein, unsere Website zu erkunden und mehr \u00fcber das Angebot, die Leistungen und die Gemeinschaft unserer Schule zu erfahren. Bitte z\u00f6gern Sie nicht, uns bei Fragen zu kontaktieren. Wir freuen uns auf ein pers\u00f6nliches Gespr\u00e4ch mit Ihnen, um das Beste f\u00fcr Ihr Kind zu finden.<\/p>\t\t\t\t\t\t<\/div>\n\t\t\t\t<\/div>\n\t\t\t\t\t<\/div>\n\t\t<\/div>\n\t\t\t\t\t\t\t<\/div>\n\t\t<\/section>\n\t\t\t\t<section class=\"elementor-section elementor-top-section elementor-element elementor-element-5309e80 elementor-section-boxed elementor-section-height-default elementor-section-height-default wpr-particle-no wpr-jarallax-no wpr-parallax-no wpr-sticky-section-no\" data-id=\"5309e80\" data-element_type=\"section\" data-settings=\"{&quot;background_background&quot;:&quot;classic&quot;,&quot;_ha_eqh_enable&quot;:false}\">\n\t\t\t\t\t\t<div class=\"elementor-container elementor-column-gap-default\">\n\t\t\t\t\t<div class=\"elementor-column elementor-col-100 elementor-top-column elementor-element elementor-element-b363a99\" data-id=\"b363a99\" data-element_type=\"column\">\n\t\t\t<div class=\"elementor-widget-wrap elementor-element-populated\">\n\t\t\t\t\t\t\t\t<div class=\"elementor-element elementor-element-0d7c49d elementor-widget elementor-widget-elementskit-heading\" data-id=\"0d7c49d\" data-element_type=\"widget\" data-widget_type=\"elementskit-heading.default\">\n\t\t\t\t<div class=\"elementor-widget-container\">\n\t\t\t<div class=\"ekit-wid-con\" ><div class=\"ekit-heading elementskit-section-title-wraper center   ekit_heading_tablet-   ekit_heading_mobile-\"><h2 class=\"ekit-heading--title elementskit-section-title\"> Unsere <span><span>Schule<\/span><\/span><\/h2><\/div><\/div>\t\t<\/div>\n\t\t\t\t<\/div>\n\t\t\t\t\t<\/div>\n\t\t<\/div>\n\t\t\t\t\t\t\t<\/div>\n\t\t<\/section>\n\t\t\t\t<section class=\"elementor-section elementor-top-section elementor-element elementor-element-4e75a9e elementor-section-boxed elementor-section-height-default elementor-section-height-default wpr-particle-no wpr-jarallax-no wpr-parallax-no wpr-sticky-section-no\" data-id=\"4e75a9e\" data-element_type=\"section\" data-settings=\"{&quot;background_background&quot;:&quot;classic&quot;,&quot;_ha_eqh_enable&quot;:false}\">\n\t\t\t\t\t\t<div class=\"elementor-container elementor-column-gap-default\">\n\t\t\t\t\t<div class=\"elementor-column elementor-col-100 elementor-top-column elementor-element elementor-element-c018b10\" data-id=\"c018b10\" data-element_type=\"column\">\n\t\t\t<div class=\"elementor-widget-wrap elementor-element-populated\">\n\t\t\t\t\t\t\t\t<section class=\"elementor-section elementor-inner-section elementor-element elementor-element-60eea2d elementor-section-boxed elementor-section-height-default elementor-section-height-default wpr-particle-no wpr-jarallax-no wpr-parallax-no wpr-sticky-section-no\" data-id=\"60eea2d\" data-element_type=\"section\" data-settings=\"{&quot;background_background&quot;:&quot;classic&quot;,&quot;_ha_eqh_enable&quot;:&quot;yes&quot;,&quot;_ha_eqh_widget&quot;:[&quot;ha-card&quot;],&quot;_ha_eqh_to&quot;:&quot;widget&quot;,&quot;_ha_eqh_disable_on_tablet&quot;:&quot;no&quot;,&quot;_ha_eqh_disable_on_mobile&quot;:&quot;yes&quot;}\">\n\t\t\t\t\t\t<div class=\"elementor-container elementor-column-gap-default\">\n\t\t\t\t\t<div class=\"elementor-column elementor-col-25 elementor-inner-column elementor-element elementor-element-3e33386\" data-id=\"3e33386\" data-element_type=\"column\">\n\t\t\t<div class=\"elementor-widget-wrap elementor-element-populated\">\n\t\t\t\t\t\t\t\t<div class=\"elementor-element elementor-element-724a8a5 ha-card--top ha-card--tablet-top ha-card--mobile-top elementor-widget elementor-widget-ha-card happy-addon ha-card\" data-id=\"724a8a5\" data-element_type=\"widget\" data-widget_type=\"ha-card.default\">\n\t\t\t\t<div class=\"elementor-widget-container\">\n\t\t\t\n\t\t\t\t\t<figure class=\"ha-card-figure\">\n\t\t\t\t<img loading=\"lazy\" decoding=\"async\" width=\"2048\" height=\"1365\" src=\"https:\/\/dbsaa.de\/wp-content\/uploads\/2024\/03\/1.png\" class=\"elementor-animation-float attachment-full size-full wp-image-6759\" alt=\"\" srcset=\"https:\/\/dbsaa.de\/wp-content\/uploads\/2024\/03\/1.png 2048w, https:\/\/dbsaa.de\/wp-content\/uploads\/2024\/03\/1-300x200.png 300w, https:\/\/dbsaa.de\/wp-content\/uploads\/2024\/03\/1-1024x683.png 1024w, https:\/\/dbsaa.de\/wp-content\/uploads\/2024\/03\/1-768x512.png 768w, https:\/\/dbsaa.de\/wp-content\/uploads\/2024\/03\/1-1536x1024.png 1536w, https:\/\/dbsaa.de\/wp-content\/uploads\/2024\/03\/1-18x12.png 18w, https:\/\/dbsaa.de\/wp-content\/uploads\/2024\/03\/1-600x400.png 600w\" sizes=\"(max-width: 2048px) 100vw, 2048px\" \/>\t\t\t\t\t\t\t<\/figure>\n\t\t\n\t\t<div class=\"ha-card-body\">\n\n\t\t\t<h2 class=\"ha-card-title\">Kindergarten<\/h2>\n\t\t\t\t\t\t\t<div class=\"ha-card-text\">\n\t\t\t\t\t<p>Wir sehen jedes Kind als etwas Besonderes und Einzigartiges mit seinen eigenen St\u00e4rken, Talenten, Interessen, Bed\u00fcrfnissen und Lernstilen. Unsere Aufgabe ist es, die Individualit\u00e4t und das Selbstvertrauen eines jeden Kindes zu f\u00f6rdern und zu st\u00e4rken. Wir wollen ihr positives Selbstbild unterst\u00fctzen und ihnen helfen, ihre F\u00e4higkeiten und ihr Potenzial als Individuen auszubauen.<\/p>\n\t\t\t\t<\/div>\n\t\t\t\n\t\t\t\t\t\t\t<a class=\"ha-btn ha-btn--icon-after\" href=\"https:\/\/dbsaa.de\/de\/kindergarten\/\"><span class=\"ha-btn-text\">Weiterlesen<\/span> <i class=\"ha-btn-icon hm hm-arrow-right1\" aria-hidden=\"true\"><\/i><\/a>\n\t\t\t\t\t\t<\/div>\n\t\t\t\t<\/div>\n\t\t\t\t<\/div>\n\t\t\t\t\t<\/div>\n\t\t<\/div>\n\t\t\t\t<div class=\"elementor-column elementor-col-25 elementor-inner-column elementor-element elementor-element-18b47ca\" data-id=\"18b47ca\" data-element_type=\"column\">\n\t\t\t<div class=\"elementor-widget-wrap elementor-element-populated\">\n\t\t\t\t\t\t\t\t<div class=\"elementor-element elementor-element-c6de795 ha-card--top ha-card--tablet-top ha-card--mobile-top elementor-widget elementor-widget-ha-card happy-addon ha-card\" data-id=\"c6de795\" data-element_type=\"widget\" data-widget_type=\"ha-card.default\">\n\t\t\t\t<div class=\"elementor-widget-container\">\n\t\t\t\n\t\t\t\t\t<figure class=\"ha-card-figure\">\n\t\t\t\t<img loading=\"lazy\" decoding=\"async\" width=\"2048\" height=\"1365\" src=\"https:\/\/dbsaa.de\/wp-content\/uploads\/2024\/03\/3.png\" class=\"elementor-animation-float attachment-full size-full wp-image-6761\" alt=\"\" srcset=\"https:\/\/dbsaa.de\/wp-content\/uploads\/2024\/03\/3.png 2048w, https:\/\/dbsaa.de\/wp-content\/uploads\/2024\/03\/3-300x200.png 300w, https:\/\/dbsaa.de\/wp-content\/uploads\/2024\/03\/3-1024x683.png 1024w, https:\/\/dbsaa.de\/wp-content\/uploads\/2024\/03\/3-768x512.png 768w, https:\/\/dbsaa.de\/wp-content\/uploads\/2024\/03\/3-1536x1024.png 1536w, https:\/\/dbsaa.de\/wp-content\/uploads\/2024\/03\/3-18x12.png 18w, https:\/\/dbsaa.de\/wp-content\/uploads\/2024\/03\/3-600x400.png 600w\" sizes=\"(max-width: 2048px) 100vw, 2048px\" \/>\t\t\t\t\t\t\t<\/figure>\n\t\t\n\t\t<div class=\"ha-card-body\">\n\n\t\t\t<h2 class=\"ha-card-title\">Grundschule<\/h2>\n\t\t\t\t\t\t\t<div class=\"ha-card-text\">\n\t\t\t\t\t<p>Die DBSAA-Grundschule unterrichtet die Klassen 1-4 mit etwa 105 Sch\u00fclern in kleinen Klassen von 15 Sch\u00fclern. Das akademische Programm umfasst den deutschen Lehrplan und auch Englisch, um die Mehrsprachigkeit zu f\u00f6rdern.<\/p>\n\t\t\t\t<\/div>\n\t\t\t\n\t\t\t\t\t\t\t<a class=\"ha-btn ha-btn--icon-after\" href=\"https:\/\/dbsaa.de\/de\/primary-school\/\"><span class=\"ha-btn-text\">Weiterlesen<\/span> <i class=\"ha-btn-icon hm hm-arrow-right1\" aria-hidden=\"true\"><\/i><\/a>\n\t\t\t\t\t\t<\/div>\n\t\t\t\t<\/div>\n\t\t\t\t<\/div>\n\t\t\t\t\t<\/div>\n\t\t<\/div>\n\t\t\t\t<div class=\"elementor-column elementor-col-25 elementor-inner-column elementor-element elementor-element-ace64ae\" data-id=\"ace64ae\" data-element_type=\"column\">\n\t\t\t<div class=\"elementor-widget-wrap elementor-element-populated\">\n\t\t\t\t\t\t\t\t<div class=\"elementor-element elementor-element-add8378 ha-card--top ha-card--tablet-top ha-card--mobile-top elementor-widget elementor-widget-ha-card happy-addon ha-card\" data-id=\"add8378\" data-element_type=\"widget\" data-widget_type=\"ha-card.default\">\n\t\t\t\t<div class=\"elementor-widget-container\">\n\t\t\t\n\t\t\t\t\t<figure class=\"ha-card-figure\">\n\t\t\t\t<img loading=\"lazy\" decoding=\"async\" width=\"2048\" height=\"1365\" src=\"https:\/\/dbsaa.de\/wp-content\/uploads\/2024\/03\/2.png\" class=\"elementor-animation-float attachment-full size-full wp-image-6760\" alt=\"\" srcset=\"https:\/\/dbsaa.de\/wp-content\/uploads\/2024\/03\/2.png 2048w, https:\/\/dbsaa.de\/wp-content\/uploads\/2024\/03\/2-300x200.png 300w, https:\/\/dbsaa.de\/wp-content\/uploads\/2024\/03\/2-1024x683.png 1024w, https:\/\/dbsaa.de\/wp-content\/uploads\/2024\/03\/2-768x512.png 768w, https:\/\/dbsaa.de\/wp-content\/uploads\/2024\/03\/2-1536x1024.png 1536w, https:\/\/dbsaa.de\/wp-content\/uploads\/2024\/03\/2-18x12.png 18w, https:\/\/dbsaa.de\/wp-content\/uploads\/2024\/03\/2-600x400.png 600w\" sizes=\"(max-width: 2048px) 100vw, 2048px\" \/>\t\t\t\t\t\t\t<\/figure>\n\t\t\n\t\t<div class=\"ha-card-body\">\n\n\t\t\t<h2 class=\"ha-card-title\">Sekundarstufe I<\/h2>\n\t\t\t\t\t\t\t<div class=\"ha-card-text\">\n\t\t\t\t\t<p>Die Sekundarstufe der DBSAA unterrichtet die Klassen 5-10 nach dem Lehrplan des deutschen Bundeslandes Th\u00fcringen. Mit etwa 100 Sch\u00fclern in kleinen Klassen von 12-15 Sch\u00fclern umfasst der Lehrplan Kernf\u00e4cher wie Deutsch, Englisch, Mathematik, Naturwissenschaften und mehr.<\/p>\n\t\t\t\t<\/div>\n\t\t\t\n\t\t\t\t\t\t\t<a class=\"ha-btn ha-btn--icon-after\" href=\"https:\/\/dbsaa.de\/de\/secondary-school\/\"><span class=\"ha-btn-text\">Weiterlesen<\/span> <i class=\"ha-btn-icon hm hm-arrow-right1\" aria-hidden=\"true\"><\/i><\/a>\n\t\t\t\t\t\t<\/div>\n\t\t\t\t<\/div>\n\t\t\t\t<\/div>\n\t\t\t\t\t<\/div>\n\t\t<\/div>\n\t\t\t\t<div class=\"elementor-column elementor-col-25 elementor-inner-column elementor-element elementor-element-ce63dd9\" data-id=\"ce63dd9\" data-element_type=\"column\">\n\t\t\t<div class=\"elementor-widget-wrap elementor-element-populated\">\n\t\t\t\t\t\t\t\t<div class=\"elementor-element elementor-element-06d60ec ha-card--top ha-card--tablet-top ha-card--mobile-top elementor-widget elementor-widget-ha-card happy-addon ha-card\" data-id=\"06d60ec\" data-element_type=\"widget\" data-widget_type=\"ha-card.default\">\n\t\t\t\t<div class=\"elementor-widget-container\">\n\t\t\t\n\t\t\t\t\t<figure class=\"ha-card-figure\">\n\t\t\t\t<img loading=\"lazy\" decoding=\"async\" width=\"2048\" height=\"1365\" src=\"https:\/\/dbsaa.de\/wp-content\/uploads\/2024\/03\/4.png\" class=\"elementor-animation-float attachment-full size-full wp-image-6762\" alt=\"\" srcset=\"https:\/\/dbsaa.de\/wp-content\/uploads\/2024\/03\/4.png 2048w, https:\/\/dbsaa.de\/wp-content\/uploads\/2024\/03\/4-300x200.png 300w, https:\/\/dbsaa.de\/wp-content\/uploads\/2024\/03\/4-1024x683.png 1024w, https:\/\/dbsaa.de\/wp-content\/uploads\/2024\/03\/4-768x512.png 768w, https:\/\/dbsaa.de\/wp-content\/uploads\/2024\/03\/4-1536x1024.png 1536w, https:\/\/dbsaa.de\/wp-content\/uploads\/2024\/03\/4-18x12.png 18w, https:\/\/dbsaa.de\/wp-content\/uploads\/2024\/03\/4-600x400.png 600w\" sizes=\"(max-width: 2048px) 100vw, 2048px\" \/>\t\t\t\t\t\t\t<\/figure>\n\t\t\n\t\t<div class=\"ha-card-body\">\n\n\t\t\t<h2 class=\"ha-card-title\">Internationales Baccalaureat (IB)<\/h2>\n\t\t\t\t\t\t\t<div class=\"ha-card-text\">\n\t\t\t\t\t<p>Dieses Programm ist ein akademisch anspruchsvoller zweij\u00e4hriger voruniversit\u00e4rer Lehrplan, der zu einem international anerkannten Diplom f\u00fchrt. IBDP-Sch\u00fcler nehmen an Kursen auf Hochschulniveau teil, forschen intensiv und leisten gemeinn\u00fctzige Arbeit nach dem Vorbild des Universit\u00e4tsstudiums.<\/p>\n\t\t\t\t<\/div>\n\t\t\t\n\t\t\t\t\t\t\t<a class=\"ha-btn ha-btn--icon-after\" href=\"https:\/\/dbsaa.de\/de\/international-baccalaureate\/\"><span class=\"ha-btn-text\">Weiterlesen<\/span> <i class=\"ha-btn-icon hm hm-arrow-right1\" aria-hidden=\"true\"><\/i><\/a>\n\t\t\t\t\t\t<\/div>\n\t\t\t\t<\/div>\n\t\t\t\t<\/div>\n\t\t\t\t\t<\/div>\n\t\t<\/div>\n\t\t\t\t\t\t\t<\/div>\n\t\t<\/section>\n\t\t\t\t\t<\/div>\n\t\t<\/div>\n\t\t\t\t\t\t\t<\/div>\n\t\t<\/section>\n\t\t\t\t<section class=\"elementor-section elementor-top-section elementor-element elementor-element-5b5c9fef elementor-section-boxed elementor-section-height-default elementor-section-height-default wpr-particle-no wpr-jarallax-no wpr-parallax-no wpr-sticky-section-no\" data-id=\"5b5c9fef\" data-element_type=\"section\" data-settings=\"{&quot;background_background&quot;:&quot;classic&quot;,&quot;_ha_eqh_enable&quot;:false}\">\n\t\t\t\t\t\t\t<div class=\"elementor-background-overlay\"><\/div>\n\t\t\t\t\t\t\t<div class=\"elementor-container elementor-column-gap-default\">\n\t\t\t\t\t<div class=\"elementor-column elementor-col-100 elementor-top-column elementor-element elementor-element-68b109a\" data-id=\"68b109a\" data-element_type=\"column\">\n\t\t\t<div class=\"elementor-widget-wrap elementor-element-populated\">\n\t\t\t\t\t\t\t\t<div class=\"elementor-element elementor-element-d6ada45 elementor-widget elementor-widget-heading\" data-id=\"d6ada45\" data-element_type=\"widget\" data-widget_type=\"heading.default\">\n\t\t\t\t<div class=\"elementor-widget-container\">\n\t\t\t<h2 class=\"elementor-heading-title elementor-size-default\">Bevorstehende Veranstaltungen<\/h2>\t\t<\/div>\n\t\t\t\t<\/div>\n\t\t\t\t<div class=\"elementor-element elementor-element-6ec7145 elementor-widget elementor-widget-elementskit-button\" data-id=\"6ec7145\" data-element_type=\"widget\" data-widget_type=\"elementskit-button.default\">\n\t\t\t\t<div class=\"elementor-widget-container\">\n\t\t\t<div class=\"ekit-wid-con\" >\t\t<div class=\"ekit-btn-wraper\">\n\t\t\t\t\t\t\t<a href=\"https:\/\/dbsaa.de\/de\/events\/\" class=\"elementskit-btn  whitespace--normal\" >\n\t\t\t\t\tVeranstaltungen\n\t\t\t\t\t<i aria-hidden=\"true\" class=\"fasicon icon-arrow-right\"><\/i>\n\t\t\t\t<\/a>\n\t\t\t\t\t\t<\/div>\n        <\/div>\t\t<\/div>\n\t\t\t\t<\/div>\n\t\t\t\t\t<\/div>\n\t\t<\/div>\n\t\t\t\t\t\t\t<\/div>\n\t\t<\/section>\n\t\t\t\t\t\t\t<\/div>","protected":false},"excerpt":{"rendered":"<p>Robert Hasse Head of School Welcome to the German Embassy School Addis Ababa. \u00a0 Our school looks back on a history of more than 90 years of excellence in education. During this time, we have remained dedicated to our core values of individual learning, respect, responsibility and community. As Head of School, I am particularly pleased to lead an extremely engaged team of educators who are committed to the well-being of our students from kindergarten through to the upper school. The good work of our team is not only reflected in the excellent performance of our students, but also in the fact that our former students are successful in their future careers at universities and in their professions. Our passionate teachers work closely with students in small groups to support their specific needs and nurture their potential. We believe in the holistic development of our students and support them through a blend of academic rigor and caring student-centered pedagogy that includes enrichment activities such as the arts, athletics and service learning, among others. As a result, our students consistently meet high standards while becoming compassionate, environmentally conscious people around the world. Outside of the classroom, we have a vibrant school culture where students, parents, alumni and faculty come together. Our community is close-knit, diverse and committed to the success of every child. \u00a0 I invite you to explore our website and learn more about our school&#8217;s programs, services and community. Please do not hesitate to contact us if you have any questions. We look forward to speaking with you personally to find the best fit for your child. Our School Kindergarten We see each child as special and unique with their own strengths, talents, interests, needs and learning styles. Our role is to nurture and empower each child\u2019s individuality and self-confidence. Read more Primary School DBSAA primary school serves grades 1-4 with around 105 students in small classes of 15. The academic program covers the German curriculum plus English to promote multilingualism. Read more Secondary School DBSAA secondary school serves grades 5-10, following the German state of Thuringia\u2019s academic framework. With around 100 students across small classes of 12-15, the curriculum includes core subjects like German, English, Math, Sciences and more. Read more International Baccalaureate (IB) This programme is an academically challenging two-year pre-university curriculum leading to an internationally recognized diploma. IBDP students undertake college-level coursework, in-depth research, and community service modeled on university studies. Read more See available events Events<\/p>","protected":false},"author":1,"featured_media":0,"parent":0,"menu_order":0,"comment_status":"closed","ping_status":"closed","template":"elementor_header_footer","meta":{"footnotes":""},"_links":{"self":[{"href":"https:\/\/dbsaa.de\/de\/wp-json\/wp\/v2\/pages\/588"}],"collection":[{"href":"https:\/\/dbsaa.de\/de\/wp-json\/wp\/v2\/pages"}],"about":[{"href":"https:\/\/dbsaa.de\/de\/wp-json\/wp\/v2\/types\/page"}],"author":[{"embeddable":true,"href":"https:\/\/dbsaa.de\/de\/wp-json\/wp\/v2\/users\/1"}],"replies":[{"embeddable":true,"href":"https:\/\/dbsaa.de\/de\/wp-json\/wp\/v2\/comments?post=588"}],"version-history":[{"count":10,"href":"https:\/\/dbsaa.de\/de\/wp-json\/wp\/v2\/pages\/588\/revisions"}],"predecessor-version":[{"id":8025,"href":"https:\/\/dbsaa.de\/de\/wp-json\/wp\/v2\/pages\/588\/revisions\/8025"}],"wp:attachment":[{"href":"https:\/\/dbsaa.de\/de\/wp-json\/wp\/v2\/media?parent=588"}],"curies":[{"name":"wp","href":"https:\/\/api.w.org\/{rel}","templated":true}]}}