{"id":654,"date":"2023-10-05T19:53:19","date_gmt":"2023-10-05T19:53:19","guid":{"rendered":"https:\/\/dbsaa.de\/?page_id=654"},"modified":"2024-09-09T11:25:43","modified_gmt":"2024-09-09T11:25:43","slug":"green-school-initiative","status":"publish","type":"page","link":"https:\/\/dbsaa.de\/de\/green-school-initiative\/","title":{"rendered":"Green school initiative"},"content":{"rendered":"<div data-elementor-type=\"wp-page\" data-elementor-id=\"654\" class=\"elementor elementor-654\">\n\t\t\t\t\t\t\t\t\t<section class=\"elementor-section elementor-top-section elementor-element elementor-element-af6c874 elementor-section-height-min-height elementor-section-boxed elementor-section-height-default elementor-section-items-middle wpr-particle-no wpr-jarallax-no wpr-parallax-no wpr-sticky-section-no\" data-id=\"af6c874\" data-element_type=\"section\" data-settings=\"{&quot;background_background&quot;:&quot;classic&quot;,&quot;_ha_eqh_enable&quot;:false}\">\n\t\t\t\t\t\t<div class=\"elementor-container elementor-column-gap-default\">\n\t\t\t\t\t<div class=\"elementor-column elementor-col-100 elementor-top-column elementor-element elementor-element-817652e\" data-id=\"817652e\" data-element_type=\"column\">\n\t\t\t<div class=\"elementor-widget-wrap elementor-element-populated\">\n\t\t\t\t\t\t\t\t<section class=\"elementor-section elementor-inner-section elementor-element elementor-element-ad1b970 elementor-section-boxed elementor-section-height-default elementor-section-height-default wpr-particle-no wpr-jarallax-no wpr-parallax-no wpr-sticky-section-no\" data-id=\"ad1b970\" data-element_type=\"section\" data-settings=\"{&quot;_ha_eqh_enable&quot;:false}\">\n\t\t\t\t\t\t<div class=\"elementor-container elementor-column-gap-default\">\n\t\t\t\t\t<div class=\"elementor-column elementor-col-50 elementor-inner-column elementor-element elementor-element-aecc5b0\" data-id=\"aecc5b0\" data-element_type=\"column\">\n\t\t\t<div class=\"elementor-widget-wrap elementor-element-populated\">\n\t\t\t\t\t\t\t\t<div class=\"elementor-element elementor-element-8a86ab1 elementor-widget elementor-widget-elementskit-heading\" data-id=\"8a86ab1\" data-element_type=\"widget\" data-widget_type=\"elementskit-heading.default\">\n\t\t\t\t<div class=\"elementor-widget-container\">\n\t\t\t<div class=\"ekit-wid-con\" ><div class=\"ekit-heading elementskit-section-title-wraper text_left   ekit_heading_tablet-   ekit_heading_mobile-\"><h2 class=\"ekit-heading--title elementskit-section-title\">Green School Initiative<\/h2>\t\t\t\t<div class='ekit-heading__description'>\n\t\t\t\t\t<p>Die Green School Initiative erm\u00f6glicht der Schulgemeinschaft, angesichts der Herausforderungen des Klimawandels, wie der globalen Erw\u00e4rmung, Ressourcenknappheit und Umweltverschmutzung, zusammenzuarbeiten, um eine gesunde und nachhaltige Zukunft aufzubauen. Das Green School Komitee wurde im Oktober 2022 von sechs Eltern gegr\u00fcndet, um Sch\u00fclerinnen und Sch\u00fclern, Eltern, Lehrerinnen und Lehrern sowie Mitarbeitenden die M\u00f6glichkeit zu geben, gemeinsam diese Umweltprobleme anzugehen. Das Komitee ist schnell gewachsen und mittlerweile sind viele Mitglieder der Schule beteiligt. Ziel der Green School ist es, Sch\u00fclerinnen und Sch\u00fclern das Wissen, die F\u00e4higkeiten und die Einstellungen zu vermitteln, die sie ben\u00f6tigen, um Klimaprobleme jetzt und in Zukunft anzugehen. Schulen spielen eine entscheidende Rolle bei der Erleichterung dieses nachhaltigen Wandels.<\/p>\n\t\t\t\t<\/div>\n\t\t\t<\/div><\/div>\t\t<\/div>\n\t\t\t\t<\/div>\n\t\t\t\t\t<\/div>\n\t\t<\/div>\n\t\t\t\t<div class=\"elementor-column elementor-col-50 elementor-inner-column elementor-element elementor-element-889d5d5\" data-id=\"889d5d5\" data-element_type=\"column\">\n\t\t\t<div class=\"elementor-widget-wrap\">\n\t\t\t\t\t\t\t\t\t<\/div>\n\t\t<\/div>\n\t\t\t\t\t\t\t<\/div>\n\t\t<\/section>\n\t\t\t\t\t<\/div>\n\t\t<\/div>\n\t\t\t\t\t\t\t<\/div>\n\t\t<\/section>\n\t\t<div class=\"elementor-element elementor-element-ad1878e e-flex e-con-boxed wpr-particle-no wpr-jarallax-no wpr-parallax-no wpr-sticky-section-no e-con e-parent\" data-id=\"ad1878e\" data-element_type=\"container\" data-settings=\"{&quot;content_width&quot;:&quot;boxed&quot;}\" data-core-v316-plus=\"true\">\n\t\t\t\t\t<div class=\"e-con-inner\">\n\t\t<div class=\"elementor-element elementor-element-a525d65 e-con-full e-flex wpr-particle-no wpr-jarallax-no wpr-parallax-no wpr-sticky-section-no e-con e-child\" data-id=\"a525d65\" data-element_type=\"container\" data-settings=\"{&quot;content_width&quot;:&quot;full&quot;}\">\n\t\t\t\t<div class=\"elementor-element elementor-element-0073101 ekit-equal-height-disable elementor-widget elementor-widget-elementskit-icon-box\" data-id=\"0073101\" data-element_type=\"widget\" data-widget_type=\"elementskit-icon-box.default\">\n\t\t\t\t<div class=\"elementor-widget-container\">\n\t\t\t<div class=\"ekit-wid-con\" >        <!-- link opening -->\n                <a href=\"#\" class=\"ekit_global_links\">\n                <!-- end link opening -->\n\n        <div class=\"elementskit-infobox text-left text-left icon-top-align elementor-animation-\">\n                    <div class=\"elementskit-box-header elementor-animation-\">\n                <div class=\"elementskit-info-box-icon\">\n                    <i aria-hidden=\"true\" class=\"elementkit-infobox-icon far fa-eye\"><\/i>\n                <\/div>\n          <\/div>\n                        <div class=\"box-body\">\n                            <h3 class=\"elementskit-info-box-title\">\n                    Vision                <\/h3>\n                        \t\t  <p>Die Vision ist, dass die Schule und die gesamte Gemeinschaft zu einer nachhaltigen Zukunft beitragen und andere dazu inspirieren, dasselbe zu tun.<\/p>\n                                <\/div>\n        \n        \n                <\/div>\n                <\/a>\n        <\/div>\t\t<\/div>\n\t\t\t\t<\/div>\n\t\t\t\t<\/div>\n\t\t<div class=\"elementor-element elementor-element-482a188 e-con-full e-flex wpr-particle-no wpr-jarallax-no wpr-parallax-no wpr-sticky-section-no e-con e-child\" data-id=\"482a188\" data-element_type=\"container\" data-settings=\"{&quot;content_width&quot;:&quot;full&quot;}\">\n\t\t\t\t<div class=\"elementor-element elementor-element-33bd25f ekit-equal-height-disable elementor-widget elementor-widget-elementskit-icon-box\" data-id=\"33bd25f\" data-element_type=\"widget\" data-widget_type=\"elementskit-icon-box.default\">\n\t\t\t\t<div class=\"elementor-widget-container\">\n\t\t\t<div class=\"ekit-wid-con\" >        <!-- link opening -->\n                <a href=\"#\" class=\"ekit_global_links\">\n                <!-- end link opening -->\n\n        <div class=\"elementskit-infobox text-left text-left icon-top-align elementor-animation-\">\n                    <div class=\"elementskit-box-header elementor-animation-\">\n                <div class=\"elementskit-info-box-icon\">\n                    <i aria-hidden=\"true\" class=\"elementkit-infobox-icon hm hm-table-lamp\"><\/i>\n                <\/div>\n          <\/div>\n                        <div class=\"box-body\">\n                            <h3 class=\"elementskit-info-box-title\">\n                    Ziel                <\/h3>\n                        \t\t  <p>Bis 2026 will die Green School Folgendes erreichen: <br>\nCO2-neutral werden, indem wir so viele CO2-Emissionen ausgleichen, wie die Schule produziert.\nEinstellungen, F\u00e4higkeiten, Umgebungen und L\u00f6sungen f\u00fcr eine nachhaltige Zukunft entwickeln.\nDie wirtschaftlichen Vorteile einer umweltfreundlichen Schule demonstrieren.\n<\/p>\n                                <\/div>\n        \n        \n                <\/div>\n                <\/a>\n        <\/div>\t\t<\/div>\n\t\t\t\t<\/div>\n\t\t\t\t<\/div>\n\t\t<div class=\"elementor-element elementor-element-fde62b6 e-con-full e-flex wpr-particle-no wpr-jarallax-no wpr-parallax-no wpr-sticky-section-no e-con e-child\" data-id=\"fde62b6\" data-element_type=\"container\" data-settings=\"{&quot;content_width&quot;:&quot;full&quot;}\">\n\t\t\t\t<div class=\"elementor-element elementor-element-11be23f ekit-equal-height-disable elementor-widget elementor-widget-elementskit-icon-box\" data-id=\"11be23f\" data-element_type=\"widget\" data-widget_type=\"elementskit-icon-box.default\">\n\t\t\t\t<div class=\"elementor-widget-container\">\n\t\t\t<div class=\"ekit-wid-con\" >        <!-- link opening -->\n                <a href=\"#\" class=\"ekit_global_links\">\n                <!-- end link opening -->\n\n        <div class=\"elementskit-infobox text-left text-left icon-top-align elementor-animation-\">\n                    <div class=\"elementskit-box-header elementor-animation-\">\n                <div class=\"elementskit-info-box-icon\">\n                    <i aria-hidden=\"true\" class=\"elementkit-infobox-icon fas fa-question\"><\/i>\n                <\/div>\n          <\/div>\n                        <div class=\"box-body\">\n                            <h3 class=\"elementskit-info-box-title\">\n                    Wie kann man sich engagieren?                <\/h3>\n                        \t\t  <p>Alle Sch\u00fclerinnen und Sch\u00fcler, Eltern, Lehrkr\u00e4fte und Mitarbeitende k\u00f6nnen zu den Zielen beitragen, indem sie den \u00f6kologischen Fu\u00dfabdruck der Schule minimieren.\n\nBewusstsein f\u00fcr Nachhaltigkeit schaffen.\nEinstellungen und F\u00e4higkeiten f\u00fcr eine gr\u00fcne Zukunft erlernen.\n\nGesunde und nachhaltige Optionen anbieten.\nFolgen Sie Ihrem Herzen und machen Sie einen Unterschied f\u00fcr unsere Gemeinschaft und unseren Planeten!<\/p>\n                                <\/div>\n        \n        \n                <\/div>\n                <\/a>\n        <\/div>\t\t<\/div>\n\t\t\t\t<\/div>\n\t\t\t\t<\/div>\n\t\t\t\t\t<\/div>\n\t\t\t\t<\/div>\n\t\t<div class=\"elementor-element elementor-element-3b2de2c e-con-full e-flex wpr-particle-no wpr-jarallax-no wpr-parallax-no wpr-sticky-section-no e-con e-parent\" data-id=\"3b2de2c\" data-element_type=\"container\" data-settings=\"{&quot;content_width&quot;:&quot;full&quot;,&quot;background_background&quot;:&quot;classic&quot;}\" data-core-v316-plus=\"true\">\n\t\t<div class=\"elementor-element elementor-element-2425e6a e-con-full e-flex wpr-particle-no wpr-jarallax-no wpr-parallax-no wpr-sticky-section-no e-con e-child\" data-id=\"2425e6a\" data-element_type=\"container\" data-settings=\"{&quot;content_width&quot;:&quot;full&quot;}\">\n\t\t\t\t<div class=\"elementor-element elementor-element-bee7e42 elementor-widget elementor-widget-elementskit-heading\" data-id=\"bee7e42\" data-element_type=\"widget\" data-widget_type=\"elementskit-heading.default\">\n\t\t\t\t<div class=\"elementor-widget-container\">\n\t\t\t<div class=\"ekit-wid-con\" ><div class=\"ekit-heading elementskit-section-title-wraper text_left   ekit_heading_tablet-   ekit_heading_mobile-\"><h2 class=\"ekit-heading--title elementskit-section-title\">Green School Initiative<\/h2>\t\t\t\t<div class='ekit-heading__description'>\n\t\t\t\t\t<p>Die Green School Initiative erm\u00f6glicht der Schulgemeinschaft, angesichts der Herausforderungen des Klimawandels, wie der globalen Erw\u00e4rmung, Ressourcenknappheit und Umweltverschmutzung, zusammenzuarbeiten, um eine gesunde und nachhaltige Zukunft aufzubauen. Das Green School Komitee wurde im Oktober 2022 von sechs Eltern gegr\u00fcndet, um Sch\u00fclerinnen und Sch\u00fclern, Eltern, Lehrerinnen und Lehrern sowie Mitarbeitenden die M\u00f6glichkeit zu geben, gemeinsam diese Umweltprobleme anzugehen. Das Komitee ist schnell gewachsen und mittlerweile sind viele Mitglieder der Schule beteiligt. Ziel der Green School ist es, Sch\u00fclerinnen und Sch\u00fclern das Wissen, die F\u00e4higkeiten und die Einstellungen zu vermitteln, die sie ben\u00f6tigen, um Klimaprobleme jetzt und in Zukunft anzugehen. Schulen spielen eine entscheidende Rolle bei der Erleichterung dieses nachhaltigen Wandels.<\/p>\n\t\t\t\t<\/div>\n\t\t\t<\/div><\/div>\t\t<\/div>\n\t\t\t\t<\/div>\n\t\t\t\t<\/div>\n\t\t<div class=\"elementor-element elementor-element-14d3ce1 e-con-full e-flex wpr-particle-no wpr-jarallax-no wpr-parallax-no wpr-sticky-section-no e-con e-child\" data-id=\"14d3ce1\" data-element_type=\"container\" data-settings=\"{&quot;content_width&quot;:&quot;full&quot;}\">\n\t\t\t\t<div class=\"elementor-element elementor-element-13d3849 elementor-widget__width-initial elementor-widget elementor-widget-image\" data-id=\"13d3849\" data-element_type=\"widget\" data-widget_type=\"image.default\">\n\t\t\t\t<div class=\"elementor-widget-container\">\n\t\t\t<style>\/*! elementor - v3.17.0 - 08-11-2023 *\/\n.elementor-widget-image{text-align:center}.elementor-widget-image a{display:inline-block}.elementor-widget-image a img[src$=\".svg\"]{width:48px}.elementor-widget-image img{vertical-align:middle;display:inline-block}<\/style>\t\t\t\t\t\t\t\t\t\t\t\t<img loading=\"lazy\" decoding=\"async\" width=\"770\" height=\"514\" src=\"https:\/\/dbsaa.de\/wp-content\/uploads\/2024\/03\/IMG_6727-1024x683.jpg\" class=\"attachment-large size-large wp-image-6786\" alt=\"\" srcset=\"https:\/\/dbsaa.de\/wp-content\/uploads\/2024\/03\/IMG_6727-1024x683.jpg 1024w, https:\/\/dbsaa.de\/wp-content\/uploads\/2024\/03\/IMG_6727-300x200.jpg 300w, https:\/\/dbsaa.de\/wp-content\/uploads\/2024\/03\/IMG_6727-768x512.jpg 768w, https:\/\/dbsaa.de\/wp-content\/uploads\/2024\/03\/IMG_6727-1536x1024.jpg 1536w, https:\/\/dbsaa.de\/wp-content\/uploads\/2024\/03\/IMG_6727-2048x1365.jpg 2048w, https:\/\/dbsaa.de\/wp-content\/uploads\/2024\/03\/IMG_6727-18x12.jpg 18w, https:\/\/dbsaa.de\/wp-content\/uploads\/2024\/03\/IMG_6727-600x400.jpg 600w\" sizes=\"(max-width: 770px) 100vw, 770px\" \/>\t\t\t\t\t\t\t\t\t\t\t\t\t\t\t<\/div>\n\t\t\t\t<\/div>\n\t\t\t\t<\/div>\n\t\t\t\t<\/div>\n\t\t\t\t\t\t\t<\/div>","protected":false},"excerpt":{"rendered":"<p>Green School Initiative The Green School Initiative allows the school community to work together to build a healthy and sustainable future in the face of climate change challenges like global warming, resource scarcity, and pollution. The Green School Committee was founded in October 2022 by six parents to enable students, parents, teachers and staff to join forces to address these environmental issues. The committee has grown rapidly with many members of the school now involved. The Green School aims to empower students with the knowledge, skills and attitudes needed to tackle climate issues now and in the future. Schools play a crucial role in facilitating this sustainable transformation. Vision The vision is for the school and wider community to contribute to a sustainable future and inspire others to do the same. Goal The Green School aims to accomplish the following by 2026: Become carbon neutral by offsetting as much carbon emissions as the school produces. Develop the attitudes, skills, environments and solutions for a sustainable future. Demonstrate the economic benefits of going green for school. How to Get Involved? All students, parents, teachers and staff can contribute to the goals by minimizing the school\u2019s environment footprint. Creating awareness about sustainability. Learning attitudes and skills for a green future. Offering healthy and sustainable options. Follow your heart and make a difference for our community and planet! Green School Initiatives The Green School Initiative allows the school community to work together to build a healthy and sustainable future in the face of climate change challenges like global warming, resource scarcity, and pollution. The Green School Committee was founded in October 2022 by six parents to enable students, parents, teachers and staff to join forces to address these environmental issues. The committee has grown rapidly with many members of the school now involved. The Green School aims to empower students with the knowledge, skills and attitudes needed to tackle climate issues now and in the future. Schools play a crucial role in facilitating this sustainable transformation.<\/p>","protected":false},"author":1,"featured_media":0,"parent":0,"menu_order":0,"comment_status":"closed","ping_status":"closed","template":"elementor_header_footer","meta":{"footnotes":""},"_links":{"self":[{"href":"https:\/\/dbsaa.de\/de\/wp-json\/wp\/v2\/pages\/654"}],"collection":[{"href":"https:\/\/dbsaa.de\/de\/wp-json\/wp\/v2\/pages"}],"about":[{"href":"https:\/\/dbsaa.de\/de\/wp-json\/wp\/v2\/types\/page"}],"author":[{"embeddable":true,"href":"https:\/\/dbsaa.de\/de\/wp-json\/wp\/v2\/users\/1"}],"replies":[{"embeddable":true,"href":"https:\/\/dbsaa.de\/de\/wp-json\/wp\/v2\/comments?post=654"}],"version-history":[{"count":10,"href":"https:\/\/dbsaa.de\/de\/wp-json\/wp\/v2\/pages\/654\/revisions"}],"predecessor-version":[{"id":8513,"href":"https:\/\/dbsaa.de\/de\/wp-json\/wp\/v2\/pages\/654\/revisions\/8513"}],"wp:attachment":[{"href":"https:\/\/dbsaa.de\/de\/wp-json\/wp\/v2\/media?parent=654"}],"curies":[{"name":"wp","href":"https:\/\/api.w.org\/{rel}","templated":true}]}}