{"id":8056,"date":"2024-08-27T05:23:59","date_gmt":"2024-08-27T05:23:59","guid":{"rendered":"https:\/\/dbsaa.de\/?page_id=8056"},"modified":"2024-08-30T10:28:03","modified_gmt":"2024-08-30T10:28:03","slug":"bildung4kids","status":"publish","type":"page","link":"https:\/\/dbsaa.de\/de\/bildung4kids\/","title":{"rendered":"Bildung4Kids (B4K)"},"content":{"rendered":"<div data-elementor-type=\"wp-page\" data-elementor-id=\"8056\" class=\"elementor elementor-8056\">\n\t\t\t\t\t\t\t\t\t<section class=\"elementor-section elementor-top-section elementor-element elementor-element-af6c874 elementor-section-height-min-height elementor-section-boxed elementor-section-height-default elementor-section-items-middle wpr-particle-no wpr-jarallax-no wpr-parallax-no wpr-sticky-section-no\" data-id=\"af6c874\" data-element_type=\"section\" data-settings=\"{&quot;background_background&quot;:&quot;classic&quot;,&quot;_ha_eqh_enable&quot;:false}\">\n\t\t\t\t\t\t<div class=\"elementor-container elementor-column-gap-default\">\n\t\t\t\t\t<div class=\"elementor-column elementor-col-100 elementor-top-column elementor-element elementor-element-817652e\" data-id=\"817652e\" data-element_type=\"column\">\n\t\t\t<div class=\"elementor-widget-wrap elementor-element-populated\">\n\t\t\t\t\t\t\t\t<section class=\"elementor-section elementor-inner-section elementor-element elementor-element-ad1b970 elementor-section-boxed elementor-section-height-default elementor-section-height-default wpr-particle-no wpr-jarallax-no wpr-parallax-no wpr-sticky-section-no\" data-id=\"ad1b970\" data-element_type=\"section\" data-settings=\"{&quot;_ha_eqh_enable&quot;:false}\">\n\t\t\t\t\t\t<div class=\"elementor-container elementor-column-gap-default\">\n\t\t\t\t\t<div class=\"elementor-column elementor-col-50 elementor-inner-column elementor-element elementor-element-aecc5b0\" data-id=\"aecc5b0\" data-element_type=\"column\">\n\t\t\t<div class=\"elementor-widget-wrap elementor-element-populated\">\n\t\t\t\t\t\t\t\t<div class=\"elementor-element elementor-element-8a86ab1 elementor-widget elementor-widget-elementskit-heading\" data-id=\"8a86ab1\" data-element_type=\"widget\" data-widget_type=\"elementskit-heading.default\">\n\t\t\t\t<div class=\"elementor-widget-container\">\n\t\t\t<div class=\"ekit-wid-con\" ><div class=\"ekit-heading elementskit-section-title-wraper text_left   ekit_heading_tablet-   ekit_heading_mobile-\"><h2 class=\"ekit-heading--title elementskit-section-title\">Bildung4Kids (B4K)<\/h2><\/div><\/div>\t\t<\/div>\n\t\t\t\t<\/div>\n\t\t\t\t\t<\/div>\n\t\t<\/div>\n\t\t\t\t<div class=\"elementor-column elementor-col-50 elementor-inner-column elementor-element elementor-element-889d5d5\" data-id=\"889d5d5\" data-element_type=\"column\">\n\t\t\t<div class=\"elementor-widget-wrap\">\n\t\t\t\t\t\t\t\t\t<\/div>\n\t\t<\/div>\n\t\t\t\t\t\t\t<\/div>\n\t\t<\/section>\n\t\t\t\t\t<\/div>\n\t\t<\/div>\n\t\t\t\t\t\t\t<\/div>\n\t\t<\/section>\n\t\t<div class=\"elementor-element elementor-element-5bac94e e-flex e-con-boxed wpr-particle-no wpr-jarallax-no wpr-parallax-no wpr-sticky-section-no e-con e-parent\" data-id=\"5bac94e\" data-element_type=\"container\" data-settings=\"{&quot;content_width&quot;:&quot;boxed&quot;}\" data-core-v316-plus=\"true\">\n\t\t\t\t\t<div class=\"e-con-inner\">\n\t\t\t\t<div class=\"elementor-element elementor-element-5cb73c2 ekit-equal-height-disable elementor-widget elementor-widget-elementskit-icon-box\" data-id=\"5cb73c2\" data-element_type=\"widget\" data-widget_type=\"elementskit-icon-box.default\">\n\t\t\t\t<div class=\"elementor-widget-container\">\n\t\t\t<div class=\"ekit-wid-con\" >        <!-- link opening -->\n                <a href=\"#\" class=\"ekit_global_links\">\n                <!-- end link opening -->\n\n        <div class=\"elementskit-infobox text-center text-center icon-top-align elementor-animation-\">\n                    <div class=\"elementskit-box-header elementor-animation-\">\n                <div class=\"elementskit-info-box-icon\">\n                    <i aria-hidden=\"true\" class=\"elementkit-infobox-icon fas fa-donate\"><\/i>\n                <\/div>\n          <\/div>\n                        <div class=\"box-body\">\n                            <h3 class=\"elementskit-info-box-title\">\n                    Spenden                <\/h3>\n                        \t\t  <p>Ethiopia - Education4Kids e.V. Sparkasse Kinzigtal <br>\n\nIBAN: DE91 6645 1548 0000 6145 96\n\nBIC: SOLADES1HAL<\/p>\n                                <\/div>\n        \n        \n                <\/div>\n                <\/a>\n        <\/div>\t\t<\/div>\n\t\t\t\t<\/div>\n\t\t\t\t\t<\/div>\n\t\t\t\t<\/div>\n\t\t<div class=\"elementor-element elementor-element-cfa587e e-flex e-con-boxed wpr-particle-no wpr-jarallax-no wpr-parallax-no wpr-sticky-section-no e-con e-parent\" data-id=\"cfa587e\" data-element_type=\"container\" data-settings=\"{&quot;content_width&quot;:&quot;boxed&quot;}\" data-core-v316-plus=\"true\">\n\t\t\t\t\t<div class=\"e-con-inner\">\n\t\t\t\t<div class=\"elementor-element elementor-element-cb026dd elementor-widget elementor-widget-spacer\" data-id=\"cb026dd\" data-element_type=\"widget\" data-widget_type=\"spacer.default\">\n\t\t\t\t<div class=\"elementor-widget-container\">\n\t\t\t<style>\/*! elementor - v3.17.0 - 08-11-2023 *\/\n.elementor-column .elementor-spacer-inner{height:var(--spacer-size)}.e-con{--container-widget-width:100%}.e-con-inner>.elementor-widget-spacer,.e-con>.elementor-widget-spacer{width:var(--container-widget-width,var(--spacer-size));--align-self:var(--container-widget-align-self,initial);--flex-shrink:0}.e-con-inner>.elementor-widget-spacer>.elementor-widget-container,.e-con>.elementor-widget-spacer>.elementor-widget-container{height:100%;width:100%}.e-con-inner>.elementor-widget-spacer>.elementor-widget-container>.elementor-spacer,.e-con>.elementor-widget-spacer>.elementor-widget-container>.elementor-spacer{height:100%}.e-con-inner>.elementor-widget-spacer>.elementor-widget-container>.elementor-spacer>.elementor-spacer-inner,.e-con>.elementor-widget-spacer>.elementor-widget-container>.elementor-spacer>.elementor-spacer-inner{height:var(--container-widget-height,var(--spacer-size))}.e-con-inner>.elementor-widget-spacer.elementor-widget-empty,.e-con>.elementor-widget-spacer.elementor-widget-empty{position:relative;min-height:22px;min-width:22px}.e-con-inner>.elementor-widget-spacer.elementor-widget-empty .elementor-widget-empty-icon,.e-con>.elementor-widget-spacer.elementor-widget-empty .elementor-widget-empty-icon{position:absolute;top:0;bottom:0;left:0;right:0;margin:auto;padding:0;width:22px;height:22px}<\/style>\t\t<div class=\"elementor-spacer\">\n\t\t\t<div class=\"elementor-spacer-inner\"><\/div>\n\t\t<\/div>\n\t\t\t\t<\/div>\n\t\t\t\t<\/div>\n\t\t\t\t\t<\/div>\n\t\t\t\t<\/div>\n\t\t<div class=\"elementor-element elementor-element-3b2de2c e-flex e-con-boxed wpr-particle-no wpr-jarallax-no wpr-parallax-no wpr-sticky-section-no e-con e-parent\" data-id=\"3b2de2c\" data-element_type=\"container\" data-settings=\"{&quot;background_background&quot;:&quot;classic&quot;,&quot;content_width&quot;:&quot;boxed&quot;}\" data-core-v316-plus=\"true\">\n\t\t\t\t\t<div class=\"e-con-inner\">\n\t\t<div class=\"elementor-element elementor-element-2425e6a e-con-full e-flex wpr-particle-no wpr-jarallax-no wpr-parallax-no wpr-sticky-section-no e-con e-child\" data-id=\"2425e6a\" data-element_type=\"container\" data-settings=\"{&quot;content_width&quot;:&quot;full&quot;}\">\n\t\t\t\t<div class=\"elementor-element elementor-element-bee7e42 elementor-widget elementor-widget-elementskit-heading\" data-id=\"bee7e42\" data-element_type=\"widget\" data-widget_type=\"elementskit-heading.default\">\n\t\t\t\t<div class=\"elementor-widget-container\">\n\t\t\t<div class=\"ekit-wid-con\" ><div class=\"ekit-heading elementskit-section-title-wraper text_left   ekit_heading_tablet-   ekit_heading_mobile-\"><h2 class=\"ekit-heading--title elementskit-section-title\">Bildung4Kids <\/h2>\t\t\t\t<div class='ekit-heading__description'>\n\t\t\t\t\t<p>Welche Kinder aus armen Familien k\u00f6nnen eine Ausbildung oder ein Studium in Deutschland absolvieren? Begabte Kinder der German Church School!<\/p>\n<p>Mit dem Stipendium von der DBSAA und \u00c4thiopien \u2013 Bildung4Kids e.V. geht ein Traum in Erf\u00fcllung: Sich sp\u00e4ter selbst zu versorgen und zum Leben der Familie beizutragen. Lidiya, Frezer und Kalkidan arbeiten bereits erfolgreich in Deutschland. 2023 bekamen Mahlet und Dibora ein Stipendium an der DBSAA.<\/p>\n<p>Busfahrt, Schulmaterial, B\u00fccher, Essen, etc. werden aus Spenden finanziert. Ihre Spenden oder Mitgliedschaft tragen dazu bei, dass begabte Sch\u00fclerinnen und Sch\u00fcler eine h\u00f6here Bildung bekommen.<\/p>\n<p>\u00a0<\/p>\n<p>\u00a0<\/p>\n\t\t\t\t<\/div>\n\t\t\t<\/div><\/div>\t\t<\/div>\n\t\t\t\t<\/div>\n\t\t\t\t<\/div>\n\t\t<div class=\"elementor-element elementor-element-14d3ce1 e-con-full e-flex wpr-particle-no wpr-jarallax-no wpr-parallax-no wpr-sticky-section-no e-con e-child\" data-id=\"14d3ce1\" data-element_type=\"container\" data-settings=\"{&quot;content_width&quot;:&quot;full&quot;}\">\n\t\t\t\t<div class=\"elementor-element elementor-element-13d3849 elementor-widget__width-initial elementor-widget elementor-widget-image\" data-id=\"13d3849\" data-element_type=\"widget\" data-widget_type=\"image.default\">\n\t\t\t\t<div class=\"elementor-widget-container\">\n\t\t\t<style>\/*! elementor - v3.17.0 - 08-11-2023 *\/\n.elementor-widget-image{text-align:center}.elementor-widget-image a{display:inline-block}.elementor-widget-image a img[src$=\".svg\"]{width:48px}.elementor-widget-image img{vertical-align:middle;display:inline-block}<\/style>\t\t\t\t\t\t\t\t\t\t\t\t<img loading=\"lazy\" decoding=\"async\" width=\"770\" height=\"591\" src=\"https:\/\/dbsaa.de\/wp-content\/uploads\/2024\/08\/B4K-Bild.jpg\" class=\"attachment-large size-large wp-image-8052\" alt=\"\" srcset=\"https:\/\/dbsaa.de\/wp-content\/uploads\/2024\/08\/B4K-Bild.jpg 818w, https:\/\/dbsaa.de\/wp-content\/uploads\/2024\/08\/B4K-Bild-300x230.jpg 300w, https:\/\/dbsaa.de\/wp-content\/uploads\/2024\/08\/B4K-Bild-768x590.jpg 768w, https:\/\/dbsaa.de\/wp-content\/uploads\/2024\/08\/B4K-Bild-16x12.jpg 16w, https:\/\/dbsaa.de\/wp-content\/uploads\/2024\/08\/B4K-Bild-600x461.jpg 600w\" sizes=\"(max-width: 770px) 100vw, 770px\" \/>\t\t\t\t\t\t\t\t\t\t\t\t\t\t\t<\/div>\n\t\t\t\t<\/div>\n\t\t\t\t<\/div>\n\t\t\t\t\t<\/div>\n\t\t\t\t<\/div>\n\t\t<div class=\"elementor-element elementor-element-44faf68 e-flex e-con-boxed wpr-particle-no wpr-jarallax-no wpr-parallax-no wpr-sticky-section-no e-con e-parent\" data-id=\"44faf68\" data-element_type=\"container\" data-settings=\"{&quot;content_width&quot;:&quot;boxed&quot;}\" data-core-v316-plus=\"true\">\n\t\t\t\t\t<div class=\"e-con-inner\">\n\t\t\t\t<div class=\"elementor-element elementor-element-cad6c10 ekit-equal-height-disable elementor-widget elementor-widget-elementskit-icon-box\" data-id=\"cad6c10\" data-element_type=\"widget\" data-widget_type=\"elementskit-icon-box.default\">\n\t\t\t\t<div class=\"elementor-widget-container\">\n\t\t\t<div class=\"ekit-wid-con\" >        <!-- link opening -->\n                <a href=\"#\" class=\"ekit_global_links\">\n                <!-- end link opening -->\n\n        <div class=\"elementskit-infobox text-center text-center icon-top-align elementor-animation-\">\n                    <div class=\"elementskit-box-header elementor-animation-\">\n                <div class=\"elementskit-info-box-icon\">\n                    <i aria-hidden=\"true\" class=\"elementkit-infobox-icon icon icon-information\"><\/i>\n                <\/div>\n          <\/div>\n                        <div class=\"box-body\">\n                            <h3 class=\"elementskit-info-box-title\">\n                    Weitere Informationen                <\/h3>\n                        \t\t  <p><a href=\"https:\/\/bildung4kids.org\/\" target=\"_blank\">https:\/\/bildung4kids.org\/<\/a><\/p>\n                                <\/div>\n        \n        \n                <\/div>\n                <\/a>\n        <\/div>\t\t<\/div>\n\t\t\t\t<\/div>\n\t\t\t\t\t<\/div>\n\t\t\t\t<\/div>\n\t\t\t\t\t\t\t<\/div>","protected":false},"excerpt":{"rendered":"<p>Bildung4Kids (B4K) Donation Ethiopia &#8211; Education4Kids e.V. Sparkasse Kinzigtal IBAN: DE91 6645 1548 0000 6145 96 BIC: SOLADES1HAL Bildung4Kids Which children from poor families can complete training or study in Germany? &#8211; Gifted children from the German Church School! With the scholarship from DBSAA and Ethiopia &#8211; Bildung4Kids e.V., a dream comes true: to be able to support oneself later and contribute to the life of the family. Lidiya, Frezer and Kalkidan are already working successfully in Germany. In 2023, Mahlet and Dibora received a scholarship to DBSAA. Bus fare, school supplies, books, food, etc. are financed through donations. Your donations or membership help gifted students receive higher education. \u00a0 \u00a0 More Information https:\/\/bildung4kids.org\/<\/p>","protected":false},"author":1,"featured_media":0,"parent":0,"menu_order":0,"comment_status":"closed","ping_status":"closed","template":"elementor_header_footer","meta":{"footnotes":""},"_links":{"self":[{"href":"https:\/\/dbsaa.de\/de\/wp-json\/wp\/v2\/pages\/8056"}],"collection":[{"href":"https:\/\/dbsaa.de\/de\/wp-json\/wp\/v2\/pages"}],"about":[{"href":"https:\/\/dbsaa.de\/de\/wp-json\/wp\/v2\/types\/page"}],"author":[{"embeddable":true,"href":"https:\/\/dbsaa.de\/de\/wp-json\/wp\/v2\/users\/1"}],"replies":[{"embeddable":true,"href":"https:\/\/dbsaa.de\/de\/wp-json\/wp\/v2\/comments?post=8056"}],"version-history":[{"count":10,"href":"https:\/\/dbsaa.de\/de\/wp-json\/wp\/v2\/pages\/8056\/revisions"}],"predecessor-version":[{"id":8223,"href":"https:\/\/dbsaa.de\/de\/wp-json\/wp\/v2\/pages\/8056\/revisions\/8223"}],"wp:attachment":[{"href":"https:\/\/dbsaa.de\/de\/wp-json\/wp\/v2\/media?parent=8056"}],"curies":[{"name":"wp","href":"https:\/\/api.w.org\/{rel}","templated":true}]}}